{"id":1035,"date":"2021-03-19T21:17:17","date_gmt":"2021-03-19T20:17:17","guid":{"rendered":"https:\/\/wordpress.plattnerbauten.ch\/?page_id=1035"},"modified":"2021-03-20T23:54:52","modified_gmt":"2021-03-20T22:54:52","slug":"1035-2","status":"publish","type":"page","link":"https:\/\/wordpress.plattnerbauten.ch\/?page_id=1035","title":{"rendered":"what it is"},"content":{"rendered":"\n<p class=\"has-black-color has-text-color\">Es startete mit 366 Postkarten &#8211; eine zu jedem Tag meines 50.Lebensjahres. Am Geburstagsfest konnten die G\u00e4ste ein Datum w\u00e4hlen und ich schicke jeweils die entsprechende Karte auf den Tag genau ein Jahr sp\u00e4ter.<br> Die Fortsetzung ist online mit diesem Blog umgesetzt. Jeden Tag erscheint ein neues Bild. Es sind zuf\u00e4llige Fotos, zuf\u00e4llig entstanden wo immer ich an dem Tag gerade war. \u00dcber das Datum kann man es <span style=\"color: #c5c7c9;\"><a href=\"https:\/\/wordpress.plattnerbauten.ch\/?page_id=111\" data-type=\"URL\">bestellen<\/a><\/span> und bekommt es ein Jahr sp\u00e4ter zugeschickt mit pers\u00f6nlicher Mitteilung. <span style=\"color: #fcdb41;\">Jede Postkarte ist exklusiv nur einmal erh\u00e4ltlich.<\/span><br>Alles ist pers\u00f6nlich mit meinem Handy fotografiert, ausser ein paar Farb- und Belichtungskorrekturen gibt es kein editing. <\/p>\n\n\n\n<p>Christoph Plattner<\/p>\n\n\n\n<p>Architekt und Kunstliebhaber<\/p>\n\n\n\n<p><a href=\"https:\/\/plattnerbauten.ch\/\" target=\"_blank\" rel=\"noreferrer noopener\">plattnerbauten.ch<\/a><\/p>\n\n\n\n<p><a href=\"mailto:mail@plattnerbauten.ch\">kontakt<\/a><\/p>\n","protected":false},"excerpt":{"rendered":"<p>Es startete mit 366 Postkarten &#8211; eine zu jedem Tag meines 50.Lebensjahres. Am Geburstagsfest konnten die G\u00e4ste ein Datum w\u00e4hlen und ich schicke jeweils die entsprechende Karte auf den Tag genau ein Jahr sp\u00e4ter. Die Fortsetzung ist online mit diesem Blog umgesetzt. Jeden Tag erscheint ein neues Bild. Es sind zuf\u00e4llige Fotos, zuf\u00e4llig entstanden wo&hellip; <a class=\"more-link\" href=\"https:\/\/wordpress.plattnerbauten.ch\/?page_id=1035\">Continue reading <span class=\"screen-reader-text\">what it is<\/span><\/a><\/p>\n","protected":false},"author":1,"featured_media":0,"parent":0,"menu_order":0,"comment_status":"closed","ping_status":"closed","template":"","meta":[],"_links":{"self":[{"href":"https:\/\/wordpress.plattnerbauten.ch\/index.php?rest_route=\/wp\/v2\/pages\/1035"}],"collection":[{"href":"https:\/\/wordpress.plattnerbauten.ch\/index.php?rest_route=\/wp\/v2\/pages"}],"about":[{"href":"https:\/\/wordpress.plattnerbauten.ch\/index.php?rest_route=\/wp\/v2\/types\/page"}],"author":[{"embeddable":true,"href":"https:\/\/wordpress.plattnerbauten.ch\/index.php?rest_route=\/wp\/v2\/users\/1"}],"replies":[{"embeddable":true,"href":"https:\/\/wordpress.plattnerbauten.ch\/index.php?rest_route=%2Fwp%2Fv2%2Fcomments&post=1035"}],"version-history":[{"count":16,"href":"https:\/\/wordpress.plattnerbauten.ch\/index.php?rest_route=\/wp\/v2\/pages\/1035\/revisions"}],"predecessor-version":[{"id":1067,"href":"https:\/\/wordpress.plattnerbauten.ch\/index.php?rest_route=\/wp\/v2\/pages\/1035\/revisions\/1067"}],"wp:attachment":[{"href":"https:\/\/wordpress.plattnerbauten.ch\/index.php?rest_route=%2Fwp%2Fv2%2Fmedia&parent=1035"}],"curies":[{"name":"wp","href":"https:\/\/api.w.org\/{rel}","templated":true}]}}